{"id":11472,"date":"2023-02-10T08:57:41","date_gmt":"2023-02-10T07:57:41","guid":{"rendered":"https:\/\/fransbrood.com\/over-ons\/"},"modified":"2025-08-12T11:39:50","modified_gmt":"2025-08-12T09:39:50","slug":"over-ons","status":"publish","type":"page","link":"https:\/\/fransbrood.com\/fr\/over-ons\/","title":{"rendered":"A propos"},"content":{"rendered":"\n<h1 class=\"wp-block-heading\">A propos de nous<\/h1>\n\n\n\n<p>Frans Brood Productions est une organisation gantoise qui se consacre, depuis 1983 d\u00e9j\u00e0, \u00e0 la diffusion internationale du spectacle vivant. L\u2019accent est mis \u00e0 la fois sur des pi\u00e8ces de danse contemporaine et sur une offre de spectacles de th\u00e9\u00e2tre, de cirque et d\u2019animation en plein air, dans la rue ou in situ.<\/p>\n\n\n\n<p>Au fil des ann\u00e9es, nous avons nou\u00e9 une multitude de contacts dans le monde entier. Par cons\u00e9quent, les compagnies que nous repr\u00e9sentons se produisent sur des sc\u00e8nes, dans des festivals et lors d\u2019\u00e9v\u00e9nements aux quatre coins du globe.<\/p>\n\n\n\n<p>Nous engager pour des cr\u00e9ateurs de th\u00e9\u00e2tre, collaborer \u00e9troitement avec une compagnie, voil\u00e0 ce qui nous apporte une immense satisfaction. Mais nous consid\u00e9rons \u00e9galement qu\u2019il est de notre devoir d\u2019assister l\u2019organisateur d\u2019un festival dans sa r\u00e9flexion et de conseiller les compagnies d\u00e9butantes.<\/p>\n\n\n\n<h2 class=\"wp-block-heading\">Histoire<\/h2>\n\n\n\n<p>Vous \u00eates curieux de savoir avec quels groupes nous avons tous travaill\u00e9 ?<\/p>\n\n\n<div class=\"wp-block-button\">\n  <a href=\"https:\/\/fransbrood.sharepoint.com\/:b:\/s\/FransBrood\/Ech2EXBm-aFJqO09E7SYlsYBHXNvRJDKkQRqAY-MGu_j6Q\" class=\"btn btn-primary\" target=\"\">Voir l&#039;aper\u00e7u<\/a>\n<\/div>\n\n\n\n<div style=\"height:100px\" aria-hidden=\"true\" class=\"wp-block-spacer\"><\/div>\n","protected":false},"excerpt":{"rendered":"<p>A propos de nous Frans Brood Productions est une organisation gantoise qui se consacre, depuis 1983 d\u00e9j\u00e0, \u00e0 la diffusion internationale du spectacle vivant. L\u2019accent est mis \u00e0 la fois sur des pi\u00e8ces de danse contemporaine et sur une offre de spectacles de th\u00e9\u00e2tre, de cirque et d\u2019animation en plein air, dans la rue ou &hellip; <a href=\"https:\/\/fransbrood.com\/fr\/over-ons\/\">Suite<\/a><\/p>\n","protected":false},"author":1,"featured_media":16701,"parent":0,"menu_order":0,"comment_status":"closed","ping_status":"closed","template":"views\/template-contact.blade.php","meta":{"_acf_changed":false,"footnotes":""},"class_list":["post-11472","page","type-page","status-publish","has-post-thumbnail","hentry"],"acf":[],"yoast_head":"<!-- This site is optimized with the Yoast SEO plugin v27.4 - https:\/\/yoast.com\/product\/yoast-seo-wordpress\/ -->\n<title>A propos - Frans Brood Productions<\/title>\n<meta name=\"robots\" content=\"index, follow, max-snippet:-1, max-image-preview:large, max-video-preview:-1\" \/>\n<link rel=\"canonical\" href=\"https:\/\/fransbrood.com\/fr\/over-ons\/\" \/>\n<meta property=\"og:locale\" content=\"fr_FR\" \/>\n<meta property=\"og:type\" content=\"article\" \/>\n<meta property=\"og:title\" content=\"A propos - Frans Brood Productions\" \/>\n<meta property=\"og:description\" content=\"A propos de nous Frans Brood Productions est une organisation gantoise qui se consacre, depuis 1983 d\u00e9j\u00e0, \u00e0 la diffusion internationale du spectacle vivant. L\u2019accent est mis \u00e0 la fois sur des pi\u00e8ces de danse contemporaine et sur une offre de spectacles de th\u00e9\u00e2tre, de cirque et d\u2019animation en plein air, dans la rue ou &hellip; Suite\" \/>\n<meta property=\"og:url\" content=\"https:\/\/fransbrood.com\/fr\/over-ons\/\" \/>\n<meta property=\"og:site_name\" content=\"Frans Brood Productions\" \/>\n<meta property=\"article:modified_time\" content=\"2025-08-12T09:39:50+00:00\" \/>\n<meta property=\"og:image\" content=\"https:\/\/fransbrood.com\/wp-content\/uploads\/2025\/05\/f72b0d56-9dec-4ae4-9d36-a0a73ff78a42-1920x693.jpg\" \/>\n\t<meta property=\"og:image:width\" content=\"1920\" \/>\n\t<meta property=\"og:image:height\" content=\"693\" \/>\n\t<meta property=\"og:image:type\" content=\"image\/jpeg\" \/>\n<meta name=\"twitter:card\" content=\"summary_large_image\" \/>\n<meta name=\"twitter:label1\" content=\"Dur\u00e9e de lecture estim\u00e9e\" \/>\n\t<meta name=\"twitter:data1\" content=\"1 minute\" \/>\n<script type=\"application\/ld+json\" class=\"yoast-schema-graph\">{\"@context\":\"https:\\\/\\\/schema.org\",\"@graph\":[{\"@type\":\"WebPage\",\"@id\":\"https:\\\/\\\/fransbrood.com\\\/fr\\\/over-ons\\\/\",\"url\":\"https:\\\/\\\/fransbrood.com\\\/fr\\\/over-ons\\\/\",\"name\":\"A propos - Frans Brood Productions\",\"isPartOf\":{\"@id\":\"https:\\\/\\\/fransbrood.com\\\/fr\\\/#website\"},\"primaryImageOfPage\":{\"@id\":\"https:\\\/\\\/fransbrood.com\\\/fr\\\/over-ons\\\/#primaryimage\"},\"image\":{\"@id\":\"https:\\\/\\\/fransbrood.com\\\/fr\\\/over-ons\\\/#primaryimage\"},\"thumbnailUrl\":\"https:\\\/\\\/fransbrood.com\\\/wp-content\\\/uploads\\\/2024\\\/12\\\/2024-09-19_FRANSBROODPRODUCTIONS_170-Edit-1-cropped.jpg\",\"datePublished\":\"2023-02-10T07:57:41+00:00\",\"dateModified\":\"2025-08-12T09:39:50+00:00\",\"breadcrumb\":{\"@id\":\"https:\\\/\\\/fransbrood.com\\\/fr\\\/over-ons\\\/#breadcrumb\"},\"inLanguage\":\"fr-FR\",\"potentialAction\":[{\"@type\":\"ReadAction\",\"target\":[\"https:\\\/\\\/fransbrood.com\\\/fr\\\/over-ons\\\/\"]}]},{\"@type\":\"ImageObject\",\"inLanguage\":\"fr-FR\",\"@id\":\"https:\\\/\\\/fransbrood.com\\\/fr\\\/over-ons\\\/#primaryimage\",\"url\":\"https:\\\/\\\/fransbrood.com\\\/wp-content\\\/uploads\\\/2024\\\/12\\\/2024-09-19_FRANSBROODPRODUCTIONS_170-Edit-1-cropped.jpg\",\"contentUrl\":\"https:\\\/\\\/fransbrood.com\\\/wp-content\\\/uploads\\\/2024\\\/12\\\/2024-09-19_FRANSBROODPRODUCTIONS_170-Edit-1-cropped.jpg\",\"width\":8604,\"height\":4099},{\"@type\":\"BreadcrumbList\",\"@id\":\"https:\\\/\\\/fransbrood.com\\\/fr\\\/over-ons\\\/#breadcrumb\",\"itemListElement\":[{\"@type\":\"ListItem\",\"position\":1,\"name\":\"Home\",\"item\":\"https:\\\/\\\/fransbrood.com\\\/fr\\\/\"},{\"@type\":\"ListItem\",\"position\":2,\"name\":\"A propos\"}]},{\"@type\":\"WebSite\",\"@id\":\"https:\\\/\\\/fransbrood.com\\\/fr\\\/#website\",\"url\":\"https:\\\/\\\/fransbrood.com\\\/fr\\\/\",\"name\":\"Frans Brood Productions\",\"description\":\"\",\"potentialAction\":[{\"@type\":\"SearchAction\",\"target\":{\"@type\":\"EntryPoint\",\"urlTemplate\":\"https:\\\/\\\/fransbrood.com\\\/fr\\\/?s={search_term_string}\"},\"query-input\":{\"@type\":\"PropertyValueSpecification\",\"valueRequired\":true,\"valueName\":\"search_term_string\"}}],\"inLanguage\":\"fr-FR\"}]}<\/script>\n<!-- \/ Yoast SEO plugin. -->","yoast_head_json":{"title":"A propos - Frans Brood Productions","robots":{"index":"index","follow":"follow","max-snippet":"max-snippet:-1","max-image-preview":"max-image-preview:large","max-video-preview":"max-video-preview:-1"},"canonical":"https:\/\/fransbrood.com\/fr\/over-ons\/","og_locale":"fr_FR","og_type":"article","og_title":"A propos - Frans Brood Productions","og_description":"A propos de nous Frans Brood Productions est une organisation gantoise qui se consacre, depuis 1983 d\u00e9j\u00e0, \u00e0 la diffusion internationale du spectacle vivant. L\u2019accent est mis \u00e0 la fois sur des pi\u00e8ces de danse contemporaine et sur une offre de spectacles de th\u00e9\u00e2tre, de cirque et d\u2019animation en plein air, dans la rue ou &hellip; Suite","og_url":"https:\/\/fransbrood.com\/fr\/over-ons\/","og_site_name":"Frans Brood Productions","article_modified_time":"2025-08-12T09:39:50+00:00","og_image":[{"width":1920,"height":693,"url":"https:\/\/fransbrood.com\/wp-content\/uploads\/2025\/05\/f72b0d56-9dec-4ae4-9d36-a0a73ff78a42-1920x693.jpg","type":"image\/jpeg"}],"twitter_card":"summary_large_image","twitter_misc":{"Dur\u00e9e de lecture estim\u00e9e":"1 minute"},"schema":{"@context":"https:\/\/schema.org","@graph":[{"@type":"WebPage","@id":"https:\/\/fransbrood.com\/fr\/over-ons\/","url":"https:\/\/fransbrood.com\/fr\/over-ons\/","name":"A propos - Frans Brood Productions","isPartOf":{"@id":"https:\/\/fransbrood.com\/fr\/#website"},"primaryImageOfPage":{"@id":"https:\/\/fransbrood.com\/fr\/over-ons\/#primaryimage"},"image":{"@id":"https:\/\/fransbrood.com\/fr\/over-ons\/#primaryimage"},"thumbnailUrl":"https:\/\/fransbrood.com\/wp-content\/uploads\/2024\/12\/2024-09-19_FRANSBROODPRODUCTIONS_170-Edit-1-cropped.jpg","datePublished":"2023-02-10T07:57:41+00:00","dateModified":"2025-08-12T09:39:50+00:00","breadcrumb":{"@id":"https:\/\/fransbrood.com\/fr\/over-ons\/#breadcrumb"},"inLanguage":"fr-FR","potentialAction":[{"@type":"ReadAction","target":["https:\/\/fransbrood.com\/fr\/over-ons\/"]}]},{"@type":"ImageObject","inLanguage":"fr-FR","@id":"https:\/\/fransbrood.com\/fr\/over-ons\/#primaryimage","url":"https:\/\/fransbrood.com\/wp-content\/uploads\/2024\/12\/2024-09-19_FRANSBROODPRODUCTIONS_170-Edit-1-cropped.jpg","contentUrl":"https:\/\/fransbrood.com\/wp-content\/uploads\/2024\/12\/2024-09-19_FRANSBROODPRODUCTIONS_170-Edit-1-cropped.jpg","width":8604,"height":4099},{"@type":"BreadcrumbList","@id":"https:\/\/fransbrood.com\/fr\/over-ons\/#breadcrumb","itemListElement":[{"@type":"ListItem","position":1,"name":"Home","item":"https:\/\/fransbrood.com\/fr\/"},{"@type":"ListItem","position":2,"name":"A propos"}]},{"@type":"WebSite","@id":"https:\/\/fransbrood.com\/fr\/#website","url":"https:\/\/fransbrood.com\/fr\/","name":"Frans Brood Productions","description":"","potentialAction":[{"@type":"SearchAction","target":{"@type":"EntryPoint","urlTemplate":"https:\/\/fransbrood.com\/fr\/?s={search_term_string}"},"query-input":{"@type":"PropertyValueSpecification","valueRequired":true,"valueName":"search_term_string"}}],"inLanguage":"fr-FR"}]}},"_links":{"self":[{"href":"https:\/\/fransbrood.com\/fr\/wp-json\/wp\/v2\/pages\/11472","targetHints":{"allow":["GET"]}}],"collection":[{"href":"https:\/\/fransbrood.com\/fr\/wp-json\/wp\/v2\/pages"}],"about":[{"href":"https:\/\/fransbrood.com\/fr\/wp-json\/wp\/v2\/types\/page"}],"author":[{"embeddable":true,"href":"https:\/\/fransbrood.com\/fr\/wp-json\/wp\/v2\/users\/1"}],"replies":[{"embeddable":true,"href":"https:\/\/fransbrood.com\/fr\/wp-json\/wp\/v2\/comments?post=11472"}],"version-history":[{"count":15,"href":"https:\/\/fransbrood.com\/fr\/wp-json\/wp\/v2\/pages\/11472\/revisions"}],"predecessor-version":[{"id":17799,"href":"https:\/\/fransbrood.com\/fr\/wp-json\/wp\/v2\/pages\/11472\/revisions\/17799"}],"wp:featuredmedia":[{"embeddable":true,"href":"https:\/\/fransbrood.com\/fr\/wp-json\/wp\/v2\/media\/16701"}],"wp:attachment":[{"href":"https:\/\/fransbrood.com\/fr\/wp-json\/wp\/v2\/media?parent=11472"}],"curies":[{"name":"wp","href":"https:\/\/api.w.org\/{rel}","templated":true}]}}